{"id":15924,"date":"2023-01-23T13:24:40","date_gmt":"2023-01-23T13:24:40","guid":{"rendered":"https:\/\/www.apaczka.pl\/offer\/inpost-parcels-without-labels\/"},"modified":"2023-01-27T12:17:14","modified_gmt":"2023-01-27T12:17:14","slug":"inpost-parcels-without-labels","status":"publish","type":"page","link":"https:\/\/www.apaczka.pl\/en\/offer\/inpost-parcels-without-labels\/","title":{"rendered":"InPost parcels without labels"},"content":{"rendered":"<section\n  data-block_6380b94eab3fc\n  class=\"section-hero aligncenter container\"\n  >\n  <div class=\" hero row justify-content-between\">\n      <div class=\"hero-box1 col-lg-5\">\n          \n                      <h1>InPost parcels without labels<\/h1>\n          \n                        <p class=\"p1\"> Send parcels in InPost Paczkomat without printing labels!<\/p>\n          \n                        <a class=\"btn btn-primary\" href=\"https:\/\/panel.apaczka.pl\/logowanie\"\n                 target=\"_blank\"\n              >\n                  Send a parcel without a label\n              <\/a>\n                <\/div>\n      <div class=\"hero-box2 col-lg-6\">\n          <div class=\"hasShadow rightShadow decorator default-decorator  \">\n    <img loading=\"lazy\" decoding=\"async\" class=\" \" width=\"570\" height=\"570\"\n         src=\"https:\/\/www.apaczka.pl\/app\/uploads\/2023\/01\/hero-BEZ-ETYKIETY-2-1.png\" alt=\"no more label printing\" \/>\n<\/div>\n      <\/div>\n  <\/div>\n<\/section>\n\n\n<section\n  data-block_62ebdfaca4cab\n  class=\"section-image-paragraph-and-list align container\"\n  >\n  <div class=\"flex-lg-row-reverse  ipl row justify-content-between align-items-center\">\n    <div class=\"ipl-box1 col-lg-5\">\n        <p class=\"h5\"><\/p>\n        <h2>InPost without a label<\/h2>\n\n                    <p><p>Your parcel is ready to ship, but you do not have a printer at hand to print the waybill? <strong>It&#8217;s not a problem any more! <\/strong><\/p>\n<p>At apaczka.pl, you can send a parcel in an <strong>InPost parcel locker without printing the label.<\/strong><\/p>\n<p>Sending parcel locker parcels without a label is a great convenience and a perfect solution when you do not have access to a printer, e.g. on holidays.<\/p>\n<p><strong>No more label printing!<\/strong><\/p>\n<\/p>\n        \n        \n                                    <a type=\"\" name=\"\"\n    href=\"https:\/\/panel.apaczka.pl\/logowanie\"\n    rel=\"dofollow\"\n    class=\"margin-right link-lg theme-default ipl-link\">\n\n          Send a parcel without a label\n    \n          <div class=\"icon\">\n        <svg viewBox=\"0 0 8 12\" fill=\"none\" xmlns=\"http:\/\/www.w3.org\/2000\/svg\">\n                             <path d=\"M1 1L6 6L1 11\" stroke=\"currentColor\" stroke-width=\"1.7\"\n                                   stroke-linecap=\"round\"\/>\n                        <\/svg>\n      <\/div>\n    \n    \n    <\/a>\n                   \n    <div>\n            <\/div>\n            <\/div>\n    <div class=\"ipl-box2 col-lg-5 d-flex justify-content-center\">\n        <div class=\"hasShadow rightShadow decorator default-decorator  \">\n    <img loading=\"lazy\" decoding=\"async\" class=\" \" width=\"471\" height=\"651\"\n         src=\"https:\/\/www.apaczka.pl\/app\/uploads\/2023\/01\/Group-1411-1.png\" alt=\"Inpost without a label\" \/>\n<\/div>\n    <\/div>\n<\/div>\n<\/section>\n\n\n<section\n  data-block_6380bdb9ab3fd\n  class=\"section-image-paragraph-and-list align container\"\n  >\n  <div class=\" ipl row justify-content-between align-items-center\">\n    <div class=\"ipl-box1 col-lg-5\">\n        <p class=\"h5\"><\/p>\n        <h2>Send the parcel without printing the label <\/h2>\n\n        \n                    <ul class=\"custom-list-type-ticked\">\n                                <li>\n                    <p class=\"h5\">Log to our panel<\/p> \n                                          <p class=\"p2\">You do not have an account? Create an account, it only takes 3 minutes to register.\n                                                  <\/p>\n                                   <\/li>\n                                <li>\n                    <p class=\"h5\">Complete the posting form <\/p> \n                                          <p class=\"p2\">select the additional service \u201csending without label\u201d.\n                                                  <\/p>\n                                   <\/li>\n                                <li>\n                    <p class=\"h5\">Put the 9-digit code on the parcel<\/p> \n                                          <p class=\"p2\">You will receive the tracking code in the confirmation email. Please remember! The prepared parcel should not contain any shipping label with data which could mislead us.\n                                                  <\/p>\n                                   <\/li>\n                                <li>\n                    <p class=\"h5\">Place the unlabeled parcel in the chosen parcel locker<\/p> \n                                          <p class=\"p2\">All you have to do is enter the 9-digit code on the screen of the Inpost parcel locker and place the shipment in the indicated one, and your shipment goes on its way to the sender.\n                                                  <\/p>\n                                   <\/li>\n                        <\/ul>\n        \n        \n    <div>\n            <\/div>\n            <\/div>\n    <div class=\"ipl-box2 col-lg-5 d-flex justify-content-center\">\n        <div class=\"hasShadow leftShadow decorator default-decorator  \">\n    <img loading=\"lazy\" decoding=\"async\" class=\" \" width=\"470\" height=\"650\"\n         src=\"https:\/\/www.apaczka.pl\/app\/uploads\/2022\/11\/Frame-251.png\" alt=\"inpost nadanie bez etykiety\" \/>\n<\/div>\n    <\/div>\n<\/div>\n<\/section>\n\n\n<section\n  data-block_62ed147c31a19\n  class=\"section-image-paragraph-and-list align container\"\n  >\n  <div class=\"flex-lg-row-reverse  ipl row justify-content-between align-items-center\">\n    <div class=\"ipl-box1 col-lg-5\">\n        <p class=\"h5\">Choose convenient solutions<\/p>\n        <h2>You can send a parcel without a label:<\/h2>\n\n        \n                    <ul class=\"custom-list-type-ticked\">\n                                <li>\n                   \n                                          <p class=\"p2\">In the selected InPost parcel locker, there are over 19,300 of them\n                                                  <\/p>\n                                   <\/li>\n                                <li>\n                   \n                                          <p class=\"p2\">24\/7h \u2013 InPost Paczkomat locker will always be happy to accept your parcel, \n                                                  <\/p>\n                                   <\/li>\n                                <li>\n                   \n                                          <p class=\"p2\">when you need to send a parcel quickly and do not want to waste time looking for a printer.\n                                                  <\/p>\n                                   <\/li>\n                        <\/ul>\n        \n                                    <a type=\"\" name=\"\"\n    href=\"https:\/\/panel.apaczka.pl\/logowanie\"\n    rel=\"dofollow\"\n    class=\"margin-right link-lg theme-default ipl-link\">\n\n          Send a parcel without a label\n    \n          <div class=\"icon\">\n        <svg viewBox=\"0 0 8 12\" fill=\"none\" xmlns=\"http:\/\/www.w3.org\/2000\/svg\">\n                             <path d=\"M1 1L6 6L1 11\" stroke=\"currentColor\" stroke-width=\"1.7\"\n                                   stroke-linecap=\"round\"\/>\n                        <\/svg>\n      <\/div>\n    \n    \n    <\/a>\n                   \n    <div>\n            <\/div>\n            <\/div>\n    <div class=\"ipl-box2 col-lg-5 d-flex justify-content-center\">\n        <div class=\"hasShadow rightShadow decorator accent-decorator illustration \">\n    <img decoding=\"async\" class=\" \" width=\"auto\" height=\"auto\"\n         src=\"\" alt=\"\" \/>\n<\/div>\n    <\/div>\n<\/div>\n<\/section>\n\n\n<section\n  data-block_62e7dbf08da53\n  class=\"section-cta align\"\n  >\n  <div class=\"cta  text-center d-flex flex-column align-items-center\n    justify-content-center\">\n\n    <p> Create a free account and send a parcel without a label in an InPost Paczkomat. <\/p>\n    <p class=\"content\"> Take advantage of an intuitive shipping form. <\/p>\n\n            <a class=\"btn btn-primary\"\n           href=\"https:\/\/panel.apaczka.pl\/rejestracja\"\n           target=\"_self\"\n        >\n            Create a free account\n        <\/a>\n    \n<\/div>\n<\/section>\n","protected":false},"excerpt":{"rendered":"","protected":false},"author":8,"featured_media":39930,"parent":11678,"menu_order":20,"comment_status":"closed","ping_status":"closed","template":"","meta":{"_acf_changed":false,"_ayudawp_aiss_exclude":false,"footnotes":""},"class_list":["post-15924","page","type-page","status-publish","has-post-thumbnail","hentry"],"acf":[],"yoast_head":"<!-- This site is optimized with the Yoast SEO Premium plugin v27.3 (Yoast SEO v27.3) - https:\/\/yoast.com\/product\/yoast-seo-premium-wordpress\/ -->\n<title>InPost parcels without labels<\/title>\n<meta name=\"description\" content=\"Do you need to send a parcel quickly, but you have no way to print the label? Not a problem! Send a parcel without a label.\" \/>\n<meta name=\"robots\" content=\"index, follow, max-snippet:-1, max-image-preview:large, max-video-preview:-1\" \/>\n<link rel=\"canonical\" href=\"https:\/\/www.apaczka.pl\/en\/offer\/inpost-parcels-without-labels\/\" \/>\n<meta property=\"og:locale\" content=\"en_US\" \/>\n<meta property=\"og:type\" content=\"article\" \/>\n<meta property=\"og:title\" content=\"InPost parcels without labels\" \/>\n<meta property=\"og:description\" content=\"Do you need to send a parcel quickly, but you have no way to print the label? Not a problem! Send a parcel without a label.\" \/>\n<meta property=\"og:url\" content=\"https:\/\/www.apaczka.pl\/en\/offer\/inpost-parcels-without-labels\/\" \/>\n<meta property=\"og:site_name\" content=\"Apaczka\" \/>\n<meta property=\"article:publisher\" content=\"https:\/\/www.facebook.com\/ApaczkaPL\/\" \/>\n<meta property=\"article:modified_time\" content=\"2023-01-27T12:17:14+00:00\" \/>\n<meta property=\"og:image\" content=\"https:\/\/www.apaczka.pl\/app\/uploads\/2023\/01\/elastyczne.png\" \/>\n\t<meta property=\"og:image:width\" content=\"570\" \/>\n\t<meta property=\"og:image:height\" content=\"570\" \/>\n\t<meta property=\"og:image:type\" content=\"image\/png\" \/>\n<meta name=\"twitter:card\" content=\"summary_large_image\" \/>\n<script type=\"application\/ld+json\" class=\"yoast-schema-graph\">{\"@context\":\"https:\\\/\\\/schema.org\",\"@graph\":[{\"@type\":\"WebPage\",\"@id\":\"https:\\\/\\\/www.apaczka.pl\\\/en\\\/offer\\\/inpost-parcels-without-labels\\\/\",\"url\":\"https:\\\/\\\/www.apaczka.pl\\\/en\\\/offer\\\/inpost-parcels-without-labels\\\/\",\"name\":\"InPost parcels without labels\",\"isPartOf\":{\"@id\":\"https:\\\/\\\/www.apaczka.pl\\\/en\\\/#website\"},\"primaryImageOfPage\":{\"@id\":\"https:\\\/\\\/www.apaczka.pl\\\/en\\\/offer\\\/inpost-parcels-without-labels\\\/#primaryimage\"},\"image\":{\"@id\":\"https:\\\/\\\/www.apaczka.pl\\\/en\\\/offer\\\/inpost-parcels-without-labels\\\/#primaryimage\"},\"thumbnailUrl\":\"https:\\\/\\\/www.apaczka.pl\\\/app\\\/uploads\\\/2026\\\/02\\\/Przesylki-InPost-bez-etykiety-1.jpg\",\"datePublished\":\"2023-01-23T13:24:40+00:00\",\"dateModified\":\"2023-01-27T12:17:14+00:00\",\"description\":\"Do you need to send a parcel quickly, but you have no way to print the label? Not a problem! Send a parcel without a label.\",\"breadcrumb\":{\"@id\":\"https:\\\/\\\/www.apaczka.pl\\\/en\\\/offer\\\/inpost-parcels-without-labels\\\/#breadcrumb\"},\"inLanguage\":\"en-US\",\"potentialAction\":[{\"@type\":\"ReadAction\",\"target\":[\"https:\\\/\\\/www.apaczka.pl\\\/en\\\/offer\\\/inpost-parcels-without-labels\\\/\"]}]},{\"@type\":\"ImageObject\",\"inLanguage\":\"en-US\",\"@id\":\"https:\\\/\\\/www.apaczka.pl\\\/en\\\/offer\\\/inpost-parcels-without-labels\\\/#primaryimage\",\"url\":\"https:\\\/\\\/www.apaczka.pl\\\/app\\\/uploads\\\/2026\\\/02\\\/Przesylki-InPost-bez-etykiety-1.jpg\",\"contentUrl\":\"https:\\\/\\\/www.apaczka.pl\\\/app\\\/uploads\\\/2026\\\/02\\\/Przesylki-InPost-bez-etykiety-1.jpg\",\"width\":570,\"height\":570},{\"@type\":\"BreadcrumbList\",\"@id\":\"https:\\\/\\\/www.apaczka.pl\\\/en\\\/offer\\\/inpost-parcels-without-labels\\\/#breadcrumb\",\"itemListElement\":[{\"@type\":\"ListItem\",\"position\":1,\"name\":\"Apaczka\",\"item\":\"https:\\\/\\\/www.apaczka.pl\\\/en\\\/\"},{\"@type\":\"ListItem\",\"position\":2,\"name\":\"Offer\",\"item\":\"https:\\\/\\\/www.apaczka.pl\\\/en\\\/offer\\\/\"},{\"@type\":\"ListItem\",\"position\":3,\"name\":\"InPost parcels without labels\"}]},{\"@type\":\"WebSite\",\"@id\":\"https:\\\/\\\/www.apaczka.pl\\\/en\\\/#website\",\"url\":\"https:\\\/\\\/www.apaczka.pl\\\/en\\\/\",\"name\":\"Apaczka\",\"description\":\"Rozwi\u0105zania do zarz\u0105dzania procesami wysy\u0142kowymi dla firm\",\"publisher\":{\"@id\":\"https:\\\/\\\/www.apaczka.pl\\\/en\\\/#organization\"},\"potentialAction\":[{\"@type\":\"SearchAction\",\"target\":{\"@type\":\"EntryPoint\",\"urlTemplate\":\"https:\\\/\\\/www.apaczka.pl\\\/en\\\/?s={search_term_string}\"},\"query-input\":{\"@type\":\"PropertyValueSpecification\",\"valueRequired\":true,\"valueName\":\"search_term_string\"}}],\"inLanguage\":\"en-US\"},{\"@type\":\"Organization\",\"@id\":\"https:\\\/\\\/www.apaczka.pl\\\/en\\\/#organization\",\"name\":\"Apaczka\",\"url\":\"https:\\\/\\\/www.apaczka.pl\\\/en\\\/\",\"logo\":{\"@type\":\"ImageObject\",\"inLanguage\":\"en-US\",\"@id\":\"https:\\\/\\\/www.apaczka.pl\\\/en\\\/#\\\/schema\\\/logo\\\/image\\\/\",\"url\":\"https:\\\/\\\/www.apaczka.pl\\\/app\\\/uploads\\\/2024\\\/05\\\/cropped-Apaczka-Full-Logotype-Full-Color.png\",\"contentUrl\":\"https:\\\/\\\/www.apaczka.pl\\\/app\\\/uploads\\\/2024\\\/05\\\/cropped-Apaczka-Full-Logotype-Full-Color.png\",\"width\":1337,\"height\":405,\"caption\":\"Apaczka\"},\"image\":{\"@id\":\"https:\\\/\\\/www.apaczka.pl\\\/en\\\/#\\\/schema\\\/logo\\\/image\\\/\"},\"sameAs\":[\"https:\\\/\\\/www.facebook.com\\\/ApaczkaPL\\\/\",\"https:\\\/\\\/www.linkedin.com\\\/company\\\/apaczka-alsendo-sp-z-o-o\\\/\",\"https:\\\/\\\/www.youtube.com\\\/@apaczka-by-alsendo\",\"https:\\\/\\\/g.co\\\/kgs\\\/Ztnp4yQ\",\"https:\\\/\\\/maps.app.goo.gl\\\/iUwRn8EGrQJAk4LB9\",\"https:\\\/\\\/www.trustpilot.com\\\/review\\\/www.apaczka.pl\",\"https:\\\/\\\/www.crunchbase.com\\\/organization\\\/apaczka\",\"https:\\\/\\\/www.ekomi-pl.com\\\/opinie-apaczka.html\",\"https:\\\/\\\/www.wikidata.org\\\/wiki\\\/Q135189453\"],\"description\":\"Apaczka.pl to platforma technologiczna do zarz\u0105dzania wysy\u0142kami i dostawami dla firm. Jeste\u015bmy sprawdzonym partnerem w zakresie proces\u00f3w wysy\u0142kowych dzia\u0142aj\u0105cym od ponad 15 lat na rynku. Integrujemy szeroki wachlarz us\u0142ug kurierskich oraz dedykowanych us\u0142ug w\u0142asnych skierowanych do wszystkich przedsi\u0119biorc\u00f3w, tak\u017ce tych, kt\u00f3rzy dopiero zaczynaj\u0105 swoj\u0105 dzia\u0142alno\u015b\u0107. Oferowane przez nas rozwi\u0105zania s\u0105 wykorzystywane przez firmy z bran\u017cy e-commerce, du\u017ce podmioty typu marketplace, ale r\u00f3wnie\u017c niewielkie firmy nadaj\u0105ce kilkana\u015bcie przesy\u0142ek miesi\u0119cznie. Konsekwentnie wspieramy firmy w rozwoju ich biznesu, udost\u0119pniaj\u0105c bez \u017cadnych op\u0142at gotowe narz\u0119dzia u\u0142atwiaj\u0105ce codzienn\u0105 logistyk\u0119. Nasi Klienci wysy\u0142aj\u0105 ponad 2,5 miliona przesy\u0142ek ka\u017cdego miesi\u0105ca korzystaj\u0105c z naszych unikalnych technologii. Nasze mocne strony: - Mo\u017cliwo\u015b\u0107 por\u00f3wnania ofert wiod\u0105cych firm kurierskich w Polsce i na \u015bwiecie: DHL, UPS, DPD, Fedex, Poczta Polska, Geis, InPost, GLS, Ambro, Hellmann i wielu innych, - Mo\u017cliwo\u015b\u0107 indywidualnego negocjowania stawek w zale\u017cno\u015bci od ilo\u015bci przesy\u0142ek i ich rodzaju (palety, p\u00f3\u0142palety, przesy\u0142ki krajowe, mi\u0119dzynarodowe), - Jedna, prosta integracja API z wieloma platformami e-commerce, marketplace i systemami ERP, WMS., daj\u0105ca dost\u0119p do ca\u0142ej naszej oferty kurierskiej, - Mo\u017cliwo\u015b\u0107 automatyzacji i optymalizacji proces\u00f3w wysy\u0142kowych, -Indywidualny Opiekun Handlowy zapewniaj\u0105cy wsparcie merytoryczne z zakresu rozwi\u0105za\u0144 kurierskich w zale\u017cno\u015bci od bran\u017cy Klienta, rodzaju przesy\u0142ek i metod dostawy, - Bezp\u0142atne integracje z 50 platformami sklepowymi, mo\u017cliwo\u015b\u0107 import\u00f3w (w tym Allegro) oraz wsparcie dzia\u0142u IT, -Personalizacja komunikacji z odbiorcami przesy\u0142ek na etapie post-checkout, modu\u0142 zwrot\u00f3w i analityka danych logistycznych, -Brak minim\u00f3w wysy\u0142kowych i wygodne formy rozlicze\u0144. Apaczka.pl: por\u00f3wnuj ceny kurier\u00f3w, automatyzuj procesy wysy\u0142kowe.\",\"legalName\":\"Alsendo sp. z o.o.\",\"foundingDate\":\"2009-08-17\",\"vatID\":\"PL8971840043\",\"taxID\":\"367328934\",\"numberOfEmployees\":{\"@type\":\"QuantitativeValue\",\"minValue\":\"51\",\"maxValue\":\"200\"}}]}<\/script>\n<!-- \/ Yoast SEO Premium plugin. -->","yoast_head_json":{"title":"InPost parcels without labels","description":"Do you need to send a parcel quickly, but you have no way to print the label? Not a problem! Send a parcel without a label.","robots":{"index":"index","follow":"follow","max-snippet":"max-snippet:-1","max-image-preview":"max-image-preview:large","max-video-preview":"max-video-preview:-1"},"canonical":"https:\/\/www.apaczka.pl\/en\/offer\/inpost-parcels-without-labels\/","og_locale":"en_US","og_type":"article","og_title":"InPost parcels without labels","og_description":"Do you need to send a parcel quickly, but you have no way to print the label? Not a problem! Send a parcel without a label.","og_url":"https:\/\/www.apaczka.pl\/en\/offer\/inpost-parcels-without-labels\/","og_site_name":"Apaczka","article_publisher":"https:\/\/www.facebook.com\/ApaczkaPL\/","article_modified_time":"2023-01-27T12:17:14+00:00","og_image":[{"width":570,"height":570,"url":"https:\/\/www.apaczka.pl\/app\/uploads\/2023\/01\/elastyczne.png","type":"image\/png"}],"twitter_card":"summary_large_image","schema":{"@context":"https:\/\/schema.org","@graph":[{"@type":"WebPage","@id":"https:\/\/www.apaczka.pl\/en\/offer\/inpost-parcels-without-labels\/","url":"https:\/\/www.apaczka.pl\/en\/offer\/inpost-parcels-without-labels\/","name":"InPost parcels without labels","isPartOf":{"@id":"https:\/\/www.apaczka.pl\/en\/#website"},"primaryImageOfPage":{"@id":"https:\/\/www.apaczka.pl\/en\/offer\/inpost-parcels-without-labels\/#primaryimage"},"image":{"@id":"https:\/\/www.apaczka.pl\/en\/offer\/inpost-parcels-without-labels\/#primaryimage"},"thumbnailUrl":"https:\/\/www.apaczka.pl\/app\/uploads\/2026\/02\/Przesylki-InPost-bez-etykiety-1.jpg","datePublished":"2023-01-23T13:24:40+00:00","dateModified":"2023-01-27T12:17:14+00:00","description":"Do you need to send a parcel quickly, but you have no way to print the label? Not a problem! Send a parcel without a label.","breadcrumb":{"@id":"https:\/\/www.apaczka.pl\/en\/offer\/inpost-parcels-without-labels\/#breadcrumb"},"inLanguage":"en-US","potentialAction":[{"@type":"ReadAction","target":["https:\/\/www.apaczka.pl\/en\/offer\/inpost-parcels-without-labels\/"]}]},{"@type":"ImageObject","inLanguage":"en-US","@id":"https:\/\/www.apaczka.pl\/en\/offer\/inpost-parcels-without-labels\/#primaryimage","url":"https:\/\/www.apaczka.pl\/app\/uploads\/2026\/02\/Przesylki-InPost-bez-etykiety-1.jpg","contentUrl":"https:\/\/www.apaczka.pl\/app\/uploads\/2026\/02\/Przesylki-InPost-bez-etykiety-1.jpg","width":570,"height":570},{"@type":"BreadcrumbList","@id":"https:\/\/www.apaczka.pl\/en\/offer\/inpost-parcels-without-labels\/#breadcrumb","itemListElement":[{"@type":"ListItem","position":1,"name":"Apaczka","item":"https:\/\/www.apaczka.pl\/en\/"},{"@type":"ListItem","position":2,"name":"Offer","item":"https:\/\/www.apaczka.pl\/en\/offer\/"},{"@type":"ListItem","position":3,"name":"InPost parcels without labels"}]},{"@type":"WebSite","@id":"https:\/\/www.apaczka.pl\/en\/#website","url":"https:\/\/www.apaczka.pl\/en\/","name":"Apaczka","description":"Rozwi\u0105zania do zarz\u0105dzania procesami wysy\u0142kowymi dla firm","publisher":{"@id":"https:\/\/www.apaczka.pl\/en\/#organization"},"potentialAction":[{"@type":"SearchAction","target":{"@type":"EntryPoint","urlTemplate":"https:\/\/www.apaczka.pl\/en\/?s={search_term_string}"},"query-input":{"@type":"PropertyValueSpecification","valueRequired":true,"valueName":"search_term_string"}}],"inLanguage":"en-US"},{"@type":"Organization","@id":"https:\/\/www.apaczka.pl\/en\/#organization","name":"Apaczka","url":"https:\/\/www.apaczka.pl\/en\/","logo":{"@type":"ImageObject","inLanguage":"en-US","@id":"https:\/\/www.apaczka.pl\/en\/#\/schema\/logo\/image\/","url":"https:\/\/www.apaczka.pl\/app\/uploads\/2024\/05\/cropped-Apaczka-Full-Logotype-Full-Color.png","contentUrl":"https:\/\/www.apaczka.pl\/app\/uploads\/2024\/05\/cropped-Apaczka-Full-Logotype-Full-Color.png","width":1337,"height":405,"caption":"Apaczka"},"image":{"@id":"https:\/\/www.apaczka.pl\/en\/#\/schema\/logo\/image\/"},"sameAs":["https:\/\/www.facebook.com\/ApaczkaPL\/","https:\/\/www.linkedin.com\/company\/apaczka-alsendo-sp-z-o-o\/","https:\/\/www.youtube.com\/@apaczka-by-alsendo","https:\/\/g.co\/kgs\/Ztnp4yQ","https:\/\/maps.app.goo.gl\/iUwRn8EGrQJAk4LB9","https:\/\/www.trustpilot.com\/review\/www.apaczka.pl","https:\/\/www.crunchbase.com\/organization\/apaczka","https:\/\/www.ekomi-pl.com\/opinie-apaczka.html","https:\/\/www.wikidata.org\/wiki\/Q135189453"],"description":"Apaczka.pl to platforma technologiczna do zarz\u0105dzania wysy\u0142kami i dostawami dla firm. Jeste\u015bmy sprawdzonym partnerem w zakresie proces\u00f3w wysy\u0142kowych dzia\u0142aj\u0105cym od ponad 15 lat na rynku. Integrujemy szeroki wachlarz us\u0142ug kurierskich oraz dedykowanych us\u0142ug w\u0142asnych skierowanych do wszystkich przedsi\u0119biorc\u00f3w, tak\u017ce tych, kt\u00f3rzy dopiero zaczynaj\u0105 swoj\u0105 dzia\u0142alno\u015b\u0107. Oferowane przez nas rozwi\u0105zania s\u0105 wykorzystywane przez firmy z bran\u017cy e-commerce, du\u017ce podmioty typu marketplace, ale r\u00f3wnie\u017c niewielkie firmy nadaj\u0105ce kilkana\u015bcie przesy\u0142ek miesi\u0119cznie. Konsekwentnie wspieramy firmy w rozwoju ich biznesu, udost\u0119pniaj\u0105c bez \u017cadnych op\u0142at gotowe narz\u0119dzia u\u0142atwiaj\u0105ce codzienn\u0105 logistyk\u0119. Nasi Klienci wysy\u0142aj\u0105 ponad 2,5 miliona przesy\u0142ek ka\u017cdego miesi\u0105ca korzystaj\u0105c z naszych unikalnych technologii. Nasze mocne strony: - Mo\u017cliwo\u015b\u0107 por\u00f3wnania ofert wiod\u0105cych firm kurierskich w Polsce i na \u015bwiecie: DHL, UPS, DPD, Fedex, Poczta Polska, Geis, InPost, GLS, Ambro, Hellmann i wielu innych, - Mo\u017cliwo\u015b\u0107 indywidualnego negocjowania stawek w zale\u017cno\u015bci od ilo\u015bci przesy\u0142ek i ich rodzaju (palety, p\u00f3\u0142palety, przesy\u0142ki krajowe, mi\u0119dzynarodowe), - Jedna, prosta integracja API z wieloma platformami e-commerce, marketplace i systemami ERP, WMS., daj\u0105ca dost\u0119p do ca\u0142ej naszej oferty kurierskiej, - Mo\u017cliwo\u015b\u0107 automatyzacji i optymalizacji proces\u00f3w wysy\u0142kowych, -Indywidualny Opiekun Handlowy zapewniaj\u0105cy wsparcie merytoryczne z zakresu rozwi\u0105za\u0144 kurierskich w zale\u017cno\u015bci od bran\u017cy Klienta, rodzaju przesy\u0142ek i metod dostawy, - Bezp\u0142atne integracje z 50 platformami sklepowymi, mo\u017cliwo\u015b\u0107 import\u00f3w (w tym Allegro) oraz wsparcie dzia\u0142u IT, -Personalizacja komunikacji z odbiorcami przesy\u0142ek na etapie post-checkout, modu\u0142 zwrot\u00f3w i analityka danych logistycznych, -Brak minim\u00f3w wysy\u0142kowych i wygodne formy rozlicze\u0144. Apaczka.pl: por\u00f3wnuj ceny kurier\u00f3w, automatyzuj procesy wysy\u0142kowe.","legalName":"Alsendo sp. z o.o.","foundingDate":"2009-08-17","vatID":"PL8971840043","taxID":"367328934","numberOfEmployees":{"@type":"QuantitativeValue","minValue":"51","maxValue":"200"}}]}},"_links":{"self":[{"href":"https:\/\/www.apaczka.pl\/en\/wp-json\/wp\/v2\/pages\/15924","targetHints":{"allow":["GET"]}}],"collection":[{"href":"https:\/\/www.apaczka.pl\/en\/wp-json\/wp\/v2\/pages"}],"about":[{"href":"https:\/\/www.apaczka.pl\/en\/wp-json\/wp\/v2\/types\/page"}],"author":[{"embeddable":true,"href":"https:\/\/www.apaczka.pl\/en\/wp-json\/wp\/v2\/users\/8"}],"replies":[{"embeddable":true,"href":"https:\/\/www.apaczka.pl\/en\/wp-json\/wp\/v2\/comments?post=15924"}],"version-history":[{"count":9,"href":"https:\/\/www.apaczka.pl\/en\/wp-json\/wp\/v2\/pages\/15924\/revisions"}],"predecessor-version":[{"id":15948,"href":"https:\/\/www.apaczka.pl\/en\/wp-json\/wp\/v2\/pages\/15924\/revisions\/15948"}],"up":[{"embeddable":true,"href":"https:\/\/www.apaczka.pl\/en\/wp-json\/wp\/v2\/pages\/11678"}],"wp:featuredmedia":[{"embeddable":true,"href":"https:\/\/www.apaczka.pl\/en\/wp-json\/wp\/v2\/media\/39930"}],"wp:attachment":[{"href":"https:\/\/www.apaczka.pl\/en\/wp-json\/wp\/v2\/media?parent=15924"}],"curies":[{"name":"wp","href":"https:\/\/api.w.org\/{rel}","templated":true}]}}